{"id":964,"date":"2025-07-02T21:25:07","date_gmt":"2025-07-02T21:25:07","guid":{"rendered":"https:\/\/www.ceresan.net.br\/?page_id=964"},"modified":"2025-07-02T21:43:55","modified_gmt":"2025-07-02T21:43:55","slug":"artigos-em-periodicos","status":"publish","type":"page","link":"https:\/\/www.ceresan.net.br\/fr\/biblioteca\/artigos-em-periodicos\/","title":{"rendered":"Artigos em peri\u00f3dicos"},"content":{"rendered":"<p class=\"qtranxs-available-languages-message qtranxs-available-languages-message-fr\">D\u00e9sol\u00e9, cet article est seulement disponible en <a href=\"https:\/\/www.ceresan.net.br\/pb\/wp-json\/wp\/v2\/pages\/964\" class=\"qtranxs-available-language-link qtranxs-available-language-link-pb\" title=\"Portugu\u00eas do Brasil\">Portugais Br\u00e9silien<\/a>.<\/p>","protected":false},"excerpt":{"rendered":"<p>D\u00e9sol\u00e9, cet article est seulement disponible en Portugais Br\u00e9silien.<\/p>\n","protected":false},"author":1,"featured_media":0,"parent":26,"menu_order":0,"comment_status":"closed","ping_status":"closed","template":"","meta":[],"_links":{"self":[{"href":"https:\/\/www.ceresan.net.br\/fr\/wp-json\/wp\/v2\/pages\/964"}],"collection":[{"href":"https:\/\/www.ceresan.net.br\/fr\/wp-json\/wp\/v2\/pages"}],"about":[{"href":"https:\/\/www.ceresan.net.br\/fr\/wp-json\/wp\/v2\/types\/page"}],"author":[{"embeddable":true,"href":"https:\/\/www.ceresan.net.br\/fr\/wp-json\/wp\/v2\/users\/1"}],"replies":[{"embeddable":true,"href":"https:\/\/www.ceresan.net.br\/fr\/wp-json\/wp\/v2\/comments?post=964"}],"version-history":[{"count":2,"href":"https:\/\/www.ceresan.net.br\/fr\/wp-json\/wp\/v2\/pages\/964\/revisions"}],"predecessor-version":[{"id":973,"href":"https:\/\/www.ceresan.net.br\/fr\/wp-json\/wp\/v2\/pages\/964\/revisions\/973"}],"up":[{"embeddable":true,"href":"https:\/\/www.ceresan.net.br\/fr\/wp-json\/wp\/v2\/pages\/26"}],"wp:attachment":[{"href":"https:\/\/www.ceresan.net.br\/fr\/wp-json\/wp\/v2\/media?parent=964"}],"curies":[{"name":"wp","href":"https:\/\/api.w.org\/{rel}","templated":true}]}}