{"id":914,"date":"2022-08-03T17:09:17","date_gmt":"2022-08-03T17:09:17","guid":{"rendered":"https:\/\/www.ceresan.net.br\/?page_id=914"},"modified":"2022-08-03T17:09:17","modified_gmt":"2022-08-03T17:09:17","slug":"seminarios","status":"publish","type":"page","link":"https:\/\/www.ceresan.net.br\/fr\/seminarios\/","title":{"rendered":"SEMIN\u00c1RIOS"},"content":{"rendered":"<p class=\"qtranxs-available-languages-message qtranxs-available-languages-message-fr\">D\u00e9sol\u00e9, cet article est seulement disponible en <a href=\"https:\/\/www.ceresan.net.br\/pb\/wp-json\/wp\/v2\/pages\/914\" class=\"qtranxs-available-language-link qtranxs-available-language-link-pb\" title=\"Portugu\u00eas do Brasil\">Portugais Br\u00e9silien<\/a>.<\/p>","protected":false},"excerpt":{"rendered":"<p>D\u00e9sol\u00e9, cet article est seulement disponible en Portugais Br\u00e9silien.<\/p>\n","protected":false},"author":1,"featured_media":0,"parent":0,"menu_order":0,"comment_status":"closed","ping_status":"closed","template":"","meta":[],"_links":{"self":[{"href":"https:\/\/www.ceresan.net.br\/fr\/wp-json\/wp\/v2\/pages\/914"}],"collection":[{"href":"https:\/\/www.ceresan.net.br\/fr\/wp-json\/wp\/v2\/pages"}],"about":[{"href":"https:\/\/www.ceresan.net.br\/fr\/wp-json\/wp\/v2\/types\/page"}],"author":[{"embeddable":true,"href":"https:\/\/www.ceresan.net.br\/fr\/wp-json\/wp\/v2\/users\/1"}],"replies":[{"embeddable":true,"href":"https:\/\/www.ceresan.net.br\/fr\/wp-json\/wp\/v2\/comments?post=914"}],"version-history":[{"count":1,"href":"https:\/\/www.ceresan.net.br\/fr\/wp-json\/wp\/v2\/pages\/914\/revisions"}],"predecessor-version":[{"id":915,"href":"https:\/\/www.ceresan.net.br\/fr\/wp-json\/wp\/v2\/pages\/914\/revisions\/915"}],"wp:attachment":[{"href":"https:\/\/www.ceresan.net.br\/fr\/wp-json\/wp\/v2\/media?parent=914"}],"curies":[{"name":"wp","href":"https:\/\/api.w.org\/{rel}","templated":true}]}}