{"id":56,"date":"2016-02-27T12:49:24","date_gmt":"2016-02-27T12:49:24","guid":{"rendered":"http:\/\/www.ceresan.net.br\/?page_id=56"},"modified":"2025-06-29T21:58:29","modified_gmt":"2025-06-29T21:58:29","slug":"http-www-ceresan-net-br-wp-content-publicacoes","status":"publish","type":"page","link":"https:\/\/www.ceresan.net.br\/fr\/biblioteca\/http-www-ceresan-net-br-wp-content-publicacoes\/","title":{"rendered":"PUBLICA\u00c7\u00d5ES"},"content":{"rendered":"<p class=\"qtranxs-available-languages-message qtranxs-available-languages-message-fr\">D\u00e9sol\u00e9, cet article est seulement disponible en <a href=\"https:\/\/www.ceresan.net.br\/pb\/wp-json\/wp\/v2\/pages\/56\" class=\"qtranxs-available-language-link qtranxs-available-language-link-pb\" title=\"Portugu\u00eas do Brasil\">Portugais Br\u00e9silien<\/a>.<\/p>","protected":false},"excerpt":{"rendered":"<p>D\u00e9sol\u00e9, cet article est seulement disponible en Portugais Br\u00e9silien.<\/p>\n","protected":false},"author":1,"featured_media":0,"parent":26,"menu_order":0,"comment_status":"closed","ping_status":"closed","template":"","meta":[],"_links":{"self":[{"href":"https:\/\/www.ceresan.net.br\/fr\/wp-json\/wp\/v2\/pages\/56"}],"collection":[{"href":"https:\/\/www.ceresan.net.br\/fr\/wp-json\/wp\/v2\/pages"}],"about":[{"href":"https:\/\/www.ceresan.net.br\/fr\/wp-json\/wp\/v2\/types\/page"}],"author":[{"embeddable":true,"href":"https:\/\/www.ceresan.net.br\/fr\/wp-json\/wp\/v2\/users\/1"}],"replies":[{"embeddable":true,"href":"https:\/\/www.ceresan.net.br\/fr\/wp-json\/wp\/v2\/comments?post=56"}],"version-history":[{"count":30,"href":"https:\/\/www.ceresan.net.br\/fr\/wp-json\/wp\/v2\/pages\/56\/revisions"}],"predecessor-version":[{"id":958,"href":"https:\/\/www.ceresan.net.br\/fr\/wp-json\/wp\/v2\/pages\/56\/revisions\/958"}],"up":[{"embeddable":true,"href":"https:\/\/www.ceresan.net.br\/fr\/wp-json\/wp\/v2\/pages\/26"}],"wp:attachment":[{"href":"https:\/\/www.ceresan.net.br\/fr\/wp-json\/wp\/v2\/media?parent=56"}],"curies":[{"name":"wp","href":"https:\/\/api.w.org\/{rel}","templated":true}]}}