{"id":479,"date":"2016-11-10T17:14:33","date_gmt":"2016-11-10T17:14:33","guid":{"rendered":"http:\/\/www.ceresan.net.br\/?page_id=479"},"modified":"2021-05-23T22:27:23","modified_gmt":"2021-05-23T22:27:23","slug":"iii-enpssan","status":"publish","type":"page","link":"https:\/\/www.ceresan.net.br\/fr\/eventos\/iii-enpssan\/","title":{"rendered":"III ENPSSAN"},"content":{"rendered":"<p><img loading=\"lazy\" class=\"wp-image-617 aligncenter\" src=\"http:\/\/www.ceresan.net.br\/wp-content\/uploads\/2016\/11\/logo4-.png\" alt=\"logo4\" width=\"631\" height=\"355\" \/><\/p>\n<p>&nbsp;<\/p>\n<p>O Comit\u00ea Executivo da Rede Brasileira de Pesquisa em Soberania e Seguran\u00e7a Alimentar e Nutricional tem a satisfa\u00e7\u00e3o de confirmar a realiza\u00e7\u00e3o do\u00a0<strong>III\u00a0Encontro Nacional de Pesquisa em SSAN<\/strong>\u00a0nos\u00a0dias\u00a0<strong>08, 09 e 10 de Novembro de 2017<\/strong>, na cidade de\u00a0<strong>Curitiba (PR)<\/strong>, na Universidade Federal do Paran\u00e1 (Campus Jardim Bot\u00e2nico, Av. Prefeito Lothario Meissner, 632)<\/p>\n<p>&#8211; Est\u00e3o mantidos os mesmos 6 GTs do II ENPSAN:<br \/>\n1 \u2013 Direito Humano \u00e0 Alimenta\u00e7\u00e3o Adequada;<br \/>\n2 \u2013 Produ\u00e7\u00e3o sustent\u00e1vel e processamento de alimentos;<br \/>\n3 \u2013 Abastecimento e consumo alimentar saud\u00e1vel;<br \/>\n4 \u2013 Efeitos da Inseguran\u00e7a Alimentar e Nutricional;<br \/>\n5 \u2013 Comida e cultura: Os m\u00faltiplos olhares sobre<span class=\"text_exposed_show\"> a alimenta\u00e7\u00e3o;<br \/>\n6 \u2013 A Constru\u00e7\u00e3o da Pesquisa em SAN: avalia\u00e7\u00f5es, m\u00e9todos e indicadores.<\/span><\/p>\n<p><span style=\"color: #ff6600;\"><strong>PROGRAMA\u00c7\u00c3O DO III ENPSSAN<\/strong><\/span>\u00a0<a href=\"http:\/\/www.ceresan.net.br\/wp-content\/uploads\/2017\/08\/programa\u00e7\u00e3o_enpssan.pdf\">CLIQUE AQUI<\/a><\/p>\n<p><strong><span style=\"color: #ff6600;\">INSCRI\u00c7\u00d5ES<\/span><\/strong> <a href=\"http:\/\/www.ceresan.net.br\/wp-content\/uploads\/2017\/09\/INSCRI\u00c7\u00d5ES-3.docx\" target=\"_blank\" rel=\"noopener\">CLIQUE AQUI<\/a><\/p>\n<p><span style=\"color: #ff6600;\"><strong>TAXA DE INSCRI\u00c7\u00c3O:\u00a0?\u00a0<span style=\"color: #000000;\">PROFISSIONAIS: R$100,00<\/span><\/strong><\/span><\/p>\n<p><span style=\"color: #000000;\"><strong>\u00a0 \u00a0 \u00a0 \u00a0 \u00a0 \u00a0 \u00a0 \u00a0 \u00a0 \u00a0 \u00a0 \u00a0 \u00a0 \u00a0 \u00a0 \u00a0 \u00a0 \u00a0 \u00a0 \u00a0 \u00a0 \u00a0 \u00a0\u00a0?\u00a0ESTUDANTES: R$50,00<\/strong><\/span><\/p>\n<p><strong><span style=\"color: #ff6600;\">OP\u00c7\u00d5ES DE HOSPEDAGEM EM CURITIBA<\/span><\/strong>\u00a0<a href=\"http:\/\/www.ceresan.net.br\/wp-content\/uploads\/2017\/09\/LISTA-DE-HOTEIS-ENPSSAN-2017.pdf\" target=\"_blank\" rel=\"noopener\">CLIQUE AQUI<\/a><\/p>\n<p><span class=\"_3gl1 _5zz4\" style=\"width: 28px; height: 28px; background-image: url('https:\/\/www.facebook.com\/images\/emoji.php\/v9\/f3d\/1\/28\/1f5d3.png'); background-size: 28px 28px;\" data-offset-key=\"2fra5-0-0\"><span class=\"_ncl\">?\ufe0f<\/span><\/span>\u00a0 \u00a0<strong><span style=\"text-decoration: underline;\">PRAZOS IMPORTANTES\u00a0<\/span><\/strong><\/p>\n<p class=\"x_MsoNormal\">&#8211; Data\u00a0<u>limite<\/u>\u00a0para envio de resumos: 30 de junho de 2017.<\/p>\n<p class=\"x_MsoNormal\">&#8211; Divulga\u00e7\u00e3o dos\u00a0<u>resumos aprovados<\/u>: 03 de agosto de 2017<\/p>\n<p class=\"x_MsoNormal\">&#8211; Prazo para\u00a0<u>pagamento<\/u>\u00a0da taxa de inscri\u00e7\u00e3o para apresentadores\/as: at\u00e9 05 de setembro de 2017.<\/p>\n<p class=\"x_MsoNormal\">&#8211; Envio das apresenta\u00e7\u00f5es das comunica\u00e7\u00f5es orais (formato eletr\u00f4nico): at\u00e9 31 de outubro de 2017.<\/p>\n<p>&nbsp;<\/p>\n<p><strong><span style=\"text-decoration: underline;\">RESULTADO DOS TRABALHOS APROVADOS<\/span><\/strong><\/p>\n<p><strong><span style=\"color: #ff9900;\">TRABALHOS APROVADOS COMO COMUNICA\u00c7\u00c3O ORAL<\/span><\/strong> <a href=\"http:\/\/www.ceresan.net.br\/wp-content\/uploads\/2017\/08\/APROVADOS_ORAL1.pdf\" target=\"_blank\" rel=\"noopener\">AQUI<\/a><\/p>\n<p><strong><span style=\"color: #ff9900;\">TRABALHOS APROVADOS COMO COMUNICA\u00c7\u00c3O ORAL CURTA (P\u00d4STER IMPRESSO)<\/span><\/strong> <a href=\"http:\/\/www.ceresan.net.br\/wp-content\/uploads\/2017\/08\/APROVADOS_ORAL_CURTA.pdf\" target=\"_blank\" rel=\"noopener\">AQUI<\/a><\/p>\n<p><strong><span style=\"color: #ff9900;\">NORMAS PARA SUBMISS\u00c3O E APRESENTA\u00c7\u00c3O DE TRABALHOS<\/span><\/strong> <a href=\"http:\/\/www.ceresan.net.br\/wp-content\/uploads\/2017\/05\/Normas-resumos_III-ENPSSAN.pdf\" target=\"_blank\" rel=\"noopener\">AQUI<\/a><\/p>\n<p><strong><span style=\"text-decoration: underline;\">ATIVIDADES AUTO-GESTIONADAS<\/span><\/strong><\/p>\n<p><span style=\"color: #ff9900;\"><strong>ORIENTA\u00c7\u00d5ES PARA PROPOSI\u00c7\u00c3O DE ATIVIDADES AUTO-GESTIONADAS<\/strong><\/span>\u00a0<a href=\"http:\/\/www.ceresan.net.br\/wp-content\/uploads\/2016\/11\/edital-para-atividades-auto-gestionadas.pdf\" target=\"_blank\" rel=\"noopener\">CLIQUE AQUI<\/a><\/p>\n<p><strong><span style=\"color: #ff9900;\">FORMUL\u00c1RIO\u00a0PARA APRESENTA\u00c7\u00c3O DE ATIVIDADE GESTIONADA<\/span>\u00a0<\/strong><a href=\"http:\/\/www.ceresan.net.br\/wp-content\/uploads\/2016\/11\/Formul\u00e1rio-atividades-auto-gestionadas-III-ENPSSAN.docx\" rel=\"\">CLIQUE AQUI<\/a><\/p>\n<p><strong><span style=\"text-decoration: underline;\">NORMAS PARA LAN\u00c7AMENTO DE PUBLICA\u00c7\u00d5ES<\/span><\/strong><\/p>\n<p>Envio de informa\u00e7\u00f5es sobre publica\u00e7\u00f5es a serem lan\u00e7adas no III Encontro Nacional de Pesquisa em Soberania e Seguran\u00e7a Alimentar e Nutricional (III ENPSSAN)\u00a0at\u00e9 as 00h (hor\u00e1rio de Bras\u00edlia) do dia 08 outubro de 2017\u00a0<a href=\"http:\/\/www.ceresan.net.br\/wp-content\/uploads\/2017\/09\/Normas_Lan\u00e7amento-publica\u00e7\u00f5es_III-ENPSAN-setembro-2017.docx\" target=\"_blank\" rel=\"noopener\">CLIQUE AQUI<\/a><\/p>\n<p>&nbsp;<\/p>\n<p>&nbsp;<\/p>\n<p>Em caso de d\u00favida, envie um e-mail\u00a0para o nosso endere\u00e7o\u00a0<a href=\"mailto:enpssan@gmail.com\">enpssan@gmail.com<\/a>\u00a0ou no <a href=\"https:\/\/www.facebook.com\/events\/427862174225425\/?acontext=%7B%22action_history%22%3A%22[%7B%5C%22surface%5C%22%3A%5C%22page%5C%22%2C%5C%22mechanism%5C%22%3A%5C%22page_upcoming_events_card%5C%22%2C%5C%22extra_data%5C%22%3A[]%7D]%22%2C%22has_source%22%3Atrue%7D\" target=\"_blank\" rel=\"noopener\">Facebook<\/a>.<\/p>\n<p>&nbsp;<\/p>\n<p>Atenciosamente,<\/p>\n<p>Organiza\u00e7\u00e3o III ENPSAN.<\/p>","protected":false},"excerpt":{"rendered":"<p>&nbsp; O Comit\u00ea Executivo da Rede Brasileira de Pesquisa em Soberania e Seguran\u00e7a Alimentar e Nutricional tem a satisfa\u00e7\u00e3o de confirmar a realiza\u00e7\u00e3o do\u00a0III\u00a0Encontro Nacional de Pesquisa em SSAN\u00a0nos\u00a0dias\u00a008, 09 e 10 de Novembro de 2017, na cidade de\u00a0Curitiba (PR), na Universidade Federal do Paran\u00e1 (Campus Jardim Bot\u00e2nico, Av. Prefeito Lothario Meissner, 632) &#8211; Est\u00e3o [&hellip;]<\/p>\n","protected":false},"author":1,"featured_media":0,"parent":28,"menu_order":0,"comment_status":"closed","ping_status":"closed","template":"","meta":[],"_links":{"self":[{"href":"https:\/\/www.ceresan.net.br\/fr\/wp-json\/wp\/v2\/pages\/479"}],"collection":[{"href":"https:\/\/www.ceresan.net.br\/fr\/wp-json\/wp\/v2\/pages"}],"about":[{"href":"https:\/\/www.ceresan.net.br\/fr\/wp-json\/wp\/v2\/types\/page"}],"author":[{"embeddable":true,"href":"https:\/\/www.ceresan.net.br\/fr\/wp-json\/wp\/v2\/users\/1"}],"replies":[{"embeddable":true,"href":"https:\/\/www.ceresan.net.br\/fr\/wp-json\/wp\/v2\/comments?post=479"}],"version-history":[{"count":54,"href":"https:\/\/www.ceresan.net.br\/fr\/wp-json\/wp\/v2\/pages\/479\/revisions"}],"predecessor-version":[{"id":821,"href":"https:\/\/www.ceresan.net.br\/fr\/wp-json\/wp\/v2\/pages\/479\/revisions\/821"}],"up":[{"embeddable":true,"href":"https:\/\/www.ceresan.net.br\/fr\/wp-json\/wp\/v2\/pages\/28"}],"wp:attachment":[{"href":"https:\/\/www.ceresan.net.br\/fr\/wp-json\/wp\/v2\/media?parent=479"}],"curies":[{"name":"wp","href":"https:\/\/api.w.org\/{rel}","templated":true}]}}