{"id":46,"date":"2016-02-27T12:47:20","date_gmt":"2016-02-27T12:47:20","guid":{"rendered":"http:\/\/www.ceresan.net.br\/?page_id=46"},"modified":"2016-06-02T14:03:04","modified_gmt":"2016-06-02T14:03:04","slug":"o-que-entendemos-por-dhaa","status":"publish","type":"page","link":"https:\/\/www.ceresan.net.br\/fr\/quem-somos\/o-que-entendemos-por-dhaa\/","title":{"rendered":"Ce que nous entendons par DHAA"},"content":{"rendered":"<p><\/p>\n<h2>Ce que nous entendons par Droit Humain \u00e0 une Alimentation ad\u00e9quate et Saine<\/h2>\n<p><em>\u00ab\u00a0R\u00e9alisation d&rsquo;un droit humain fondamental, garanti un acc\u00e8s permanent et r\u00e9gulier, d&rsquo;une mani\u00e8re socialement \u00e9quitable, les pratiques d&rsquo;alimentation appropri\u00e9es aux aspects biologiques et sociaux des individus, en fonction du cycle de vie et des besoins di\u00e9t\u00e9tiques particuliers, compte tenu et l&rsquo;adaptation de la r\u00e9f\u00e9rence locale traditionnelle en cas de besoin. Doit respecter les principes de la vari\u00e9t\u00e9, la qualit\u00e9, l&rsquo;\u00e9quilibre, la mod\u00e9ration et le plaisir (go\u00fbt), les dimensions du sexe, la race et l&rsquo;origine ethnique, et les formes de production respectueuse de l&rsquo;environnement, exempt de contaminants physiques, chimiques et biologiques et les organismes g\u00e9n\u00e9tiquement modifi\u00e9s \u00ab\u00a0.<\/em> (Conf\u00e9rence III nationale SAN, 2007).<\/p>","protected":false},"excerpt":{"rendered":"<p>Ce que nous entendons par Droit Humain \u00e0 une Alimentation ad\u00e9quate et Saine \u00ab\u00a0R\u00e9alisation d&rsquo;un droit humain fondamental, garanti un acc\u00e8s permanent et r\u00e9gulier, d&rsquo;une mani\u00e8re socialement \u00e9quitable, les pratiques d&rsquo;alimentation appropri\u00e9es aux aspects biologiques et sociaux des individus, en fonction du cycle de vie et des besoins di\u00e9t\u00e9tiques particuliers, compte tenu et l&rsquo;adaptation de [&hellip;]<\/p>\n","protected":false},"author":1,"featured_media":0,"parent":20,"menu_order":0,"comment_status":"closed","ping_status":"closed","template":"","meta":[],"_links":{"self":[{"href":"https:\/\/www.ceresan.net.br\/fr\/wp-json\/wp\/v2\/pages\/46"}],"collection":[{"href":"https:\/\/www.ceresan.net.br\/fr\/wp-json\/wp\/v2\/pages"}],"about":[{"href":"https:\/\/www.ceresan.net.br\/fr\/wp-json\/wp\/v2\/types\/page"}],"author":[{"embeddable":true,"href":"https:\/\/www.ceresan.net.br\/fr\/wp-json\/wp\/v2\/users\/1"}],"replies":[{"embeddable":true,"href":"https:\/\/www.ceresan.net.br\/fr\/wp-json\/wp\/v2\/comments?post=46"}],"version-history":[{"count":9,"href":"https:\/\/www.ceresan.net.br\/fr\/wp-json\/wp\/v2\/pages\/46\/revisions"}],"predecessor-version":[{"id":272,"href":"https:\/\/www.ceresan.net.br\/fr\/wp-json\/wp\/v2\/pages\/46\/revisions\/272"}],"up":[{"embeddable":true,"href":"https:\/\/www.ceresan.net.br\/fr\/wp-json\/wp\/v2\/pages\/20"}],"wp:attachment":[{"href":"https:\/\/www.ceresan.net.br\/fr\/wp-json\/wp\/v2\/media?parent=46"}],"curies":[{"name":"wp","href":"https:\/\/api.w.org\/{rel}","templated":true}]}}