{"id":44,"date":"2016-02-27T12:47:01","date_gmt":"2016-02-27T12:47:01","guid":{"rendered":"http:\/\/www.ceresan.net.br\/?page_id=44"},"modified":"2016-06-01T20:29:49","modified_gmt":"2016-06-01T20:29:49","slug":"o-que-entendemos-por-ssan","status":"publish","type":"page","link":"https:\/\/www.ceresan.net.br\/fr\/quem-somos\/o-que-entendemos-por-ssan\/","title":{"rendered":"Ce que nous entendons par SSAN"},"content":{"rendered":"<p><\/p>\n<h2><em>Ce que nous entendons par souverainet\u00e9 et s\u00e9curit\u00e9 alimentaire et nutritionnelle<\/em><\/h2>\n<p>La souverainet\u00e9 alimentaire est<em> \u00ab[&#8230;] le droit des peuples \u00e0 d\u00e9finir leurs propres politiques et strat\u00e9gies durables de production, la distribution et la consommation d&rsquo;aliments qui garantissent le droit \u00e0 l&rsquo;alimentation pour tous, bas\u00e9 sur les petites et moyennes production, en respectant leurs propres cultures et la diversit\u00e9 des fa\u00e7ons paysannes, la p\u00eache et la production agricole indig\u00e8ne, la commercialisation et la gestion des zones rurales, o\u00f9 les femmes jouent un r\u00f4le cl\u00e9 [&#8230;]. La souverainet\u00e9 alimentaire est le moyen d&rsquo;\u00e9radiquer la faim et la malnutrition et garantir la s\u00e9curit\u00e9 alimentaire durable et durable pour tous les peuples. \u00bb<\/em>(Forum mondial sur la souverainet\u00e9 alimentaire, La Havane, 2001).<\/p>\n<p>La s\u00e9curit\u00e9 alimentaire et la nutrition est la r\u00e9alisation du droit de tous \u00e0 un acc\u00e8s r\u00e9gulier et permanent \u00e0 des aliments de qualit\u00e9 en quantit\u00e9 suffisante, sans compromettre l&rsquo;acc\u00e8s \u00e0 d&rsquo;autres besoins essentiels, sur la base des pratiques alimentaires qui favorisent la sant\u00e9, le respect de la diversit\u00e9 culturelle et qui sont \u00e9cologiquement, culturellement, \u00e9conomiquement et socialement durable. (Conf\u00e9rence nationale SAN II 2004; LOSAN, 2006)<\/p>","protected":false},"excerpt":{"rendered":"<p>Ce que nous entendons par souverainet\u00e9 et s\u00e9curit\u00e9 alimentaire et nutritionnelle La souverainet\u00e9 alimentaire est \u00ab[&#8230;] le droit des peuples \u00e0 d\u00e9finir leurs propres politiques et strat\u00e9gies durables de production, la distribution et la consommation d&rsquo;aliments qui garantissent le droit \u00e0 l&rsquo;alimentation pour tous, bas\u00e9 sur les petites et moyennes production, en respectant leurs propres [&hellip;]<\/p>\n","protected":false},"author":1,"featured_media":0,"parent":20,"menu_order":0,"comment_status":"closed","ping_status":"closed","template":"","meta":[],"_links":{"self":[{"href":"https:\/\/www.ceresan.net.br\/fr\/wp-json\/wp\/v2\/pages\/44"}],"collection":[{"href":"https:\/\/www.ceresan.net.br\/fr\/wp-json\/wp\/v2\/pages"}],"about":[{"href":"https:\/\/www.ceresan.net.br\/fr\/wp-json\/wp\/v2\/types\/page"}],"author":[{"embeddable":true,"href":"https:\/\/www.ceresan.net.br\/fr\/wp-json\/wp\/v2\/users\/1"}],"replies":[{"embeddable":true,"href":"https:\/\/www.ceresan.net.br\/fr\/wp-json\/wp\/v2\/comments?post=44"}],"version-history":[{"count":9,"href":"https:\/\/www.ceresan.net.br\/fr\/wp-json\/wp\/v2\/pages\/44\/revisions"}],"predecessor-version":[{"id":264,"href":"https:\/\/www.ceresan.net.br\/fr\/wp-json\/wp\/v2\/pages\/44\/revisions\/264"}],"up":[{"embeddable":true,"href":"https:\/\/www.ceresan.net.br\/fr\/wp-json\/wp\/v2\/pages\/20"}],"wp:attachment":[{"href":"https:\/\/www.ceresan.net.br\/fr\/wp-json\/wp\/v2\/media?parent=44"}],"curies":[{"name":"wp","href":"https:\/\/api.w.org\/{rel}","templated":true}]}}