{"id":42,"date":"2016-02-27T12:46:45","date_gmt":"2016-02-27T12:46:45","guid":{"rendered":"http:\/\/www.ceresan.net.br\/?page_id=42"},"modified":"2016-06-01T20:15:25","modified_gmt":"2016-06-01T20:15:25","slug":"eixos-de-trabalho","status":"publish","type":"page","link":"https:\/\/www.ceresan.net.br\/fr\/quem-somos\/eixos-de-trabalho\/","title":{"rendered":"Axes de recherche"},"content":{"rendered":"<p><\/p>\n<h2>Axes de recherche<\/h2>\n<p>1. Syst\u00e8me alimentaire, les acteurs sociaux et politiques publiques. syst\u00e8me alimentaire, l&rsquo;agriculture familiale, les politiques et actions publiques, les arrangements institutionnels et de gouvernance, la performance des acteurs aux niveaux local, national et mondial.<\/p>\n<p>2. Le Br\u00e9sil dans le contexte international. L&rsquo;action du gouvernement et des organisations sociales au Br\u00e9sil dans les espaces de gouvernance et dans des projets de coop\u00e9ration internationale en lien avec Ssan et DHA.<\/p>\n<p>3. Int\u00e9r\u00eats publics et priv\u00e9s. relations public-priv\u00e9 et les conflits d&rsquo;int\u00e9r\u00eats dans les strat\u00e9gies et politiques li\u00e9es \u00e0 Ssan et DHA.<\/p>\n<p>4. Formation et diffusion des connaissances. Activit\u00e9s de formation et de diffusion des connaissances aupr\u00e8s des gouvernements et des organisations de la soci\u00e9t\u00e9 civile dans la promotion Ssan et DHA avec la participation et le contr\u00f4le social.<\/p>\n<p>5. Indicateurs et suivi. Construction, suivi et \u00e9valuation de l&rsquo;information et de traitement des indicateurs et des r\u00e9sultats dans les syst\u00e8mes SSAN et DHA.<\/p>","protected":false},"excerpt":{"rendered":"<p>Axes de recherche 1. Syst\u00e8me alimentaire, les acteurs sociaux et politiques publiques. syst\u00e8me alimentaire, l&rsquo;agriculture familiale, les politiques et actions publiques, les arrangements institutionnels et de gouvernance, la performance des acteurs aux niveaux local, national et mondial. 2. Le Br\u00e9sil dans le contexte international. L&rsquo;action du gouvernement et des organisations sociales au Br\u00e9sil dans les [&hellip;]<\/p>\n","protected":false},"author":1,"featured_media":0,"parent":20,"menu_order":0,"comment_status":"closed","ping_status":"closed","template":"","meta":[],"_links":{"self":[{"href":"https:\/\/www.ceresan.net.br\/fr\/wp-json\/wp\/v2\/pages\/42"}],"collection":[{"href":"https:\/\/www.ceresan.net.br\/fr\/wp-json\/wp\/v2\/pages"}],"about":[{"href":"https:\/\/www.ceresan.net.br\/fr\/wp-json\/wp\/v2\/types\/page"}],"author":[{"embeddable":true,"href":"https:\/\/www.ceresan.net.br\/fr\/wp-json\/wp\/v2\/users\/1"}],"replies":[{"embeddable":true,"href":"https:\/\/www.ceresan.net.br\/fr\/wp-json\/wp\/v2\/comments?post=42"}],"version-history":[{"count":8,"href":"https:\/\/www.ceresan.net.br\/fr\/wp-json\/wp\/v2\/pages\/42\/revisions"}],"predecessor-version":[{"id":259,"href":"https:\/\/www.ceresan.net.br\/fr\/wp-json\/wp\/v2\/pages\/42\/revisions\/259"}],"up":[{"embeddable":true,"href":"https:\/\/www.ceresan.net.br\/fr\/wp-json\/wp\/v2\/pages\/20"}],"wp:attachment":[{"href":"https:\/\/www.ceresan.net.br\/fr\/wp-json\/wp\/v2\/media?parent=42"}],"curies":[{"name":"wp","href":"https:\/\/api.w.org\/{rel}","templated":true}]}}