{"id":40,"date":"2016-02-27T12:46:31","date_gmt":"2016-02-27T12:46:31","guid":{"rendered":"http:\/\/www.ceresan.net.br\/?page_id=40"},"modified":"2016-06-01T19:22:03","modified_gmt":"2016-06-01T19:22:03","slug":"objetivos","status":"publish","type":"page","link":"https:\/\/www.ceresan.net.br\/fr\/quem-somos\/objetivos\/","title":{"rendered":"Objectifs"},"content":{"rendered":"<p>Les objectifs du centre de r\u00e9f\u00e9rence sont:<\/p>\n<ul>\n<li>D\u00e9velopper des \u00e9tudes interdisciplinaires et la recherche sur les diff\u00e9rentes dimensions de la Souverainet\u00e9 \u00a0et S\u00e9curit\u00e9 Alimentaire et Nutritionnelle (SSAN) et les\u00a0Droits Humaine \u00e0 L&rsquo;alimentation;<\/li>\n<li>Mener des activit\u00e9s de formation et de propager les connaissances sur le sujet;<\/li>\n<li>Proposer, suivre et \u00e9valuer les politiques et les actions publiques sur SSAN;<\/li>\n<li>Promouvoir l&rsquo;interaction entre l&rsquo;\u00e9ducation, la recherche et la vulgarisation dans le champ;<\/li>\n<li>Fournir une meilleure accessibilit\u00e9 \u00e0 la bibliographie sp\u00e9cialis\u00e9e aux \u00e9tudiants et aux chercheurs.<\/li>\n<\/ul>\n<p><\/p>","protected":false},"excerpt":{"rendered":"<p>Les objectifs du centre de r\u00e9f\u00e9rence sont: D\u00e9velopper des \u00e9tudes interdisciplinaires et la recherche sur les diff\u00e9rentes dimensions de la Souverainet\u00e9 \u00a0et S\u00e9curit\u00e9 Alimentaire et Nutritionnelle (SSAN) et les\u00a0Droits Humaine \u00e0 L&rsquo;alimentation; Mener des activit\u00e9s de formation et de propager les connaissances sur le sujet; Proposer, suivre et \u00e9valuer les politiques et les actions publiques [&hellip;]<\/p>\n","protected":false},"author":1,"featured_media":0,"parent":20,"menu_order":0,"comment_status":"closed","ping_status":"closed","template":"","meta":[],"_links":{"self":[{"href":"https:\/\/www.ceresan.net.br\/fr\/wp-json\/wp\/v2\/pages\/40"}],"collection":[{"href":"https:\/\/www.ceresan.net.br\/fr\/wp-json\/wp\/v2\/pages"}],"about":[{"href":"https:\/\/www.ceresan.net.br\/fr\/wp-json\/wp\/v2\/types\/page"}],"author":[{"embeddable":true,"href":"https:\/\/www.ceresan.net.br\/fr\/wp-json\/wp\/v2\/users\/1"}],"replies":[{"embeddable":true,"href":"https:\/\/www.ceresan.net.br\/fr\/wp-json\/wp\/v2\/comments?post=40"}],"version-history":[{"count":11,"href":"https:\/\/www.ceresan.net.br\/fr\/wp-json\/wp\/v2\/pages\/40\/revisions"}],"predecessor-version":[{"id":241,"href":"https:\/\/www.ceresan.net.br\/fr\/wp-json\/wp\/v2\/pages\/40\/revisions\/241"}],"up":[{"embeddable":true,"href":"https:\/\/www.ceresan.net.br\/fr\/wp-json\/wp\/v2\/pages\/20"}],"wp:attachment":[{"href":"https:\/\/www.ceresan.net.br\/fr\/wp-json\/wp\/v2\/media?parent=40"}],"curies":[{"name":"wp","href":"https:\/\/api.w.org\/{rel}","templated":true}]}}