{"id":20,"date":"2016-02-23T19:04:40","date_gmt":"2016-02-23T19:04:40","guid":{"rendered":"http:\/\/www.ceresan.net.br\/?page_id=20"},"modified":"2016-07-06T14:50:11","modified_gmt":"2016-07-06T14:50:11","slug":"quem-somos","status":"publish","type":"page","link":"https:\/\/www.ceresan.net.br\/fr\/","title":{"rendered":"Qui Nous Sommes"},"content":{"rendered":"<p><img loading=\"lazy\" class=\"aligncenter\" src=\"http:\/\/www.ceresan.net.br\/wp-content\/uploads\/2016\/02\/logo.png\" alt=\"logo\" width=\"405\" height=\"154\" \/><\/p>\n<p>Le Centre de r\u00e9f\u00e9rence sur la Souverainet\u00e9 et la S\u00e9curit\u00e9 Alimentaire et Nutritional\u00a0(CERESAN) est un centre de recherche et de formation qui vise \u00e0 rassemble des chercheurs et des \u00e9tudiants des institutions nationales et \u00e9trang\u00e8res, avec une exp\u00e9rience dans diff\u00e9rents domaines de connaissances qui sont engag\u00e9es dans les questions de Souverainet\u00e9 et la S\u00e9curit\u00e9 Alimentaire et Nutritional (SSAN) et le droit humain \u00e0 une alimentation ad\u00e9quate et de la sant\u00e9 au Br\u00e9sil et international.<\/p>\n<p>Cr\u00e9\u00e9 en Janvier 2003, il a des bureaux dans les Post-Graduate sciences sociales dans le d\u00e9veloppement, l&rsquo;agriculture et la soci\u00e9t\u00e9, Universit\u00e9 F\u00e9d\u00e9rale Rurale de Rio de Janeiro (CPDA \/ UFRRJ) et l&rsquo;\u00c9cole de Nutrition de l&rsquo;Universit\u00e9 F\u00e9d\u00e9rale Fluminense (UFF). Le Centre est coordonn\u00e9 par le professeur Renato S. Maluf (UFRRJ) et Luciene Burlandy (UFF).<\/p>\n<p>CERESAN est affili\u00e9 avec le Forum br\u00e9silien sur Souverainet\u00e9 et la S\u00e9curit\u00e9 Alimentaire et Nutritional, fournit des subventions au Conseil national br\u00e9silien de s\u00e9curit\u00e9 alimentaire et nutritionnelle (CONSEA), et est membre du CONSEA-Rio de Janeiro.<\/p>","protected":false},"excerpt":{"rendered":"<p>Le Centre de r\u00e9f\u00e9rence sur la Souverainet\u00e9 et la S\u00e9curit\u00e9 Alimentaire et Nutritional\u00a0(CERESAN) est un centre de recherche et de formation qui vise \u00e0 rassemble des chercheurs et des \u00e9tudiants des institutions nationales et \u00e9trang\u00e8res, avec une exp\u00e9rience dans diff\u00e9rents domaines de connaissances qui sont engag\u00e9es dans les questions de Souverainet\u00e9 et la S\u00e9curit\u00e9 Alimentaire [&hellip;]<\/p>\n","protected":false},"author":1,"featured_media":0,"parent":0,"menu_order":0,"comment_status":"closed","ping_status":"closed","template":"","meta":[],"_links":{"self":[{"href":"https:\/\/www.ceresan.net.br\/fr\/wp-json\/wp\/v2\/pages\/20"}],"collection":[{"href":"https:\/\/www.ceresan.net.br\/fr\/wp-json\/wp\/v2\/pages"}],"about":[{"href":"https:\/\/www.ceresan.net.br\/fr\/wp-json\/wp\/v2\/types\/page"}],"author":[{"embeddable":true,"href":"https:\/\/www.ceresan.net.br\/fr\/wp-json\/wp\/v2\/users\/1"}],"replies":[{"embeddable":true,"href":"https:\/\/www.ceresan.net.br\/fr\/wp-json\/wp\/v2\/comments?post=20"}],"version-history":[{"count":16,"href":"https:\/\/www.ceresan.net.br\/fr\/wp-json\/wp\/v2\/pages\/20\/revisions"}],"predecessor-version":[{"id":363,"href":"https:\/\/www.ceresan.net.br\/fr\/wp-json\/wp\/v2\/pages\/20\/revisions\/363"}],"wp:attachment":[{"href":"https:\/\/www.ceresan.net.br\/fr\/wp-json\/wp\/v2\/media?parent=20"}],"curies":[{"name":"wp","href":"https:\/\/api.w.org\/{rel}","templated":true}]}}