{"id":46,"date":"2016-02-27T12:47:20","date_gmt":"2016-02-27T12:47:20","guid":{"rendered":"http:\/\/www.ceresan.net.br\/?page_id=46"},"modified":"2016-06-02T14:03:04","modified_gmt":"2016-06-02T14:03:04","slug":"o-que-entendemos-por-dhaa","status":"publish","type":"page","link":"https:\/\/www.ceresan.net.br\/es\/quem-somos\/o-que-entendemos-por-dhaa\/","title":{"rendered":"Lo que entendemos por DHAA"},"content":{"rendered":"<p><\/p>\n<h2>Lo que entendemos por Derecho Humano a la Alimentaci\u00f3n Adecuada y Saludable<\/h2>\n<p><em>\u00abLa realizaci\u00f3n de un derecho humano b\u00e1sico, con garant\u00eda de acceso permanente y regular, de una manera socialmente justa, pr\u00e1cticas adecuadas de alimentaci\u00f3n a los aspectos biol\u00f3gicos y sociales de los individuos, de acuerdo con el ciclo de la vida y las necesidades diet\u00e9ticas especiales, teniendo en cuenta y la adaptaci\u00f3n de la referencia local tradicional cuando sea necesario. Debe cumplir con los principios de la variedad, la calidad, el equilibrio, la moderaci\u00f3n y el placer (sabor), las dimensiones de g\u00e9nero, raza y etnia, y formas de producci\u00f3n ambientalmente sostenible, libre de contaminantes f\u00edsicos, qu\u00edmicos y biol\u00f3gicos y organismos gen\u00e9ticamente modificados \u00ab<\/em>. (III Conferencia Nacional de SAN, 2007).<\/p>","protected":false},"excerpt":{"rendered":"<p>Lo que entendemos por Derecho Humano a la Alimentaci\u00f3n Adecuada y Saludable \u00abLa realizaci\u00f3n de un derecho humano b\u00e1sico, con garant\u00eda de acceso permanente y regular, de una manera socialmente justa, pr\u00e1cticas adecuadas de alimentaci\u00f3n a los aspectos biol\u00f3gicos y sociales de los individuos, de acuerdo con el ciclo de la vida y las necesidades [&hellip;]<\/p>\n","protected":false},"author":1,"featured_media":0,"parent":20,"menu_order":0,"comment_status":"closed","ping_status":"closed","template":"","meta":[],"_links":{"self":[{"href":"https:\/\/www.ceresan.net.br\/es\/wp-json\/wp\/v2\/pages\/46"}],"collection":[{"href":"https:\/\/www.ceresan.net.br\/es\/wp-json\/wp\/v2\/pages"}],"about":[{"href":"https:\/\/www.ceresan.net.br\/es\/wp-json\/wp\/v2\/types\/page"}],"author":[{"embeddable":true,"href":"https:\/\/www.ceresan.net.br\/es\/wp-json\/wp\/v2\/users\/1"}],"replies":[{"embeddable":true,"href":"https:\/\/www.ceresan.net.br\/es\/wp-json\/wp\/v2\/comments?post=46"}],"version-history":[{"count":9,"href":"https:\/\/www.ceresan.net.br\/es\/wp-json\/wp\/v2\/pages\/46\/revisions"}],"predecessor-version":[{"id":272,"href":"https:\/\/www.ceresan.net.br\/es\/wp-json\/wp\/v2\/pages\/46\/revisions\/272"}],"up":[{"embeddable":true,"href":"https:\/\/www.ceresan.net.br\/es\/wp-json\/wp\/v2\/pages\/20"}],"wp:attachment":[{"href":"https:\/\/www.ceresan.net.br\/es\/wp-json\/wp\/v2\/media?parent=46"}],"curies":[{"name":"wp","href":"https:\/\/api.w.org\/{rel}","templated":true}]}}