{"id":44,"date":"2016-02-27T12:47:01","date_gmt":"2016-02-27T12:47:01","guid":{"rendered":"http:\/\/www.ceresan.net.br\/?page_id=44"},"modified":"2016-06-01T20:29:49","modified_gmt":"2016-06-01T20:29:49","slug":"o-que-entendemos-por-ssan","status":"publish","type":"page","link":"https:\/\/www.ceresan.net.br\/es\/quem-somos\/o-que-entendemos-por-ssan\/","title":{"rendered":"Lo que entendemos por la SSAN"},"content":{"rendered":"<p><\/p>\n<h2>Lo que entendemos por la Soberan\u00eda y Seguridad Alimentaria y Nutrici\u00f3n<\/h2>\n<p>La soberan\u00eda alimentaria es \u00ab[&#8230;] <em>el derecho de los pueblos a definir sus propias pol\u00edticas y estrategias sustentables de producci\u00f3n, distribuci\u00f3n y consumo de alimentos que garanticen el derecho a la alimentaci\u00f3n para todas las personas, en base a peque\u00f1a y mediana producci\u00f3n, respetando sus propias culturas y la diversidad de las formas campesinas, la pesca y la producci\u00f3n agr\u00edcola ind\u00edgena, la comercializaci\u00f3n y la gesti\u00f3n de las zonas rurales, en las que las mujeres desempe\u00f1an un papel fundamental [&#8230;]. La soberan\u00eda alimentaria es el camino para erradicar el hambre y la malnutrici\u00f3n y garantizar la seguridad alimentaria duradera y sostenible para todos los pueblos. \u00ab<\/em>(Foro Mundial sobre Soberan\u00eda Alimentaria, La Habana, 2001).<\/p>\n<p>La seguridad alimentaria y la nutrici\u00f3n es la realizaci\u00f3n del derecho de todos al acceso regular y permanente a alimentos de calidad en cantidad suficiente, sin comprometer el acceso a otras necesidades esenciales, en base a las pr\u00e1cticas de alimentos que promueven la salud, el respeto de la diversidad cultural y que son el medio ambiente, cultural, econ\u00f3mica y socialmente sostenible. (II Conferencia Nacional de SAN 2004; LOSAN, 2006)<br \/>\nGoogle Tradutor para empresas:Google Toolkit de tradu\u00e7\u00e3o para appsTradutor de sitesGlobal<\/p>","protected":false},"excerpt":{"rendered":"<p>Lo que entendemos por la Soberan\u00eda y Seguridad Alimentaria y Nutrici\u00f3n La soberan\u00eda alimentaria es \u00ab[&#8230;] el derecho de los pueblos a definir sus propias pol\u00edticas y estrategias sustentables de producci\u00f3n, distribuci\u00f3n y consumo de alimentos que garanticen el derecho a la alimentaci\u00f3n para todas las personas, en base a peque\u00f1a y mediana producci\u00f3n, respetando [&hellip;]<\/p>\n","protected":false},"author":1,"featured_media":0,"parent":20,"menu_order":0,"comment_status":"closed","ping_status":"closed","template":"","meta":[],"_links":{"self":[{"href":"https:\/\/www.ceresan.net.br\/es\/wp-json\/wp\/v2\/pages\/44"}],"collection":[{"href":"https:\/\/www.ceresan.net.br\/es\/wp-json\/wp\/v2\/pages"}],"about":[{"href":"https:\/\/www.ceresan.net.br\/es\/wp-json\/wp\/v2\/types\/page"}],"author":[{"embeddable":true,"href":"https:\/\/www.ceresan.net.br\/es\/wp-json\/wp\/v2\/users\/1"}],"replies":[{"embeddable":true,"href":"https:\/\/www.ceresan.net.br\/es\/wp-json\/wp\/v2\/comments?post=44"}],"version-history":[{"count":9,"href":"https:\/\/www.ceresan.net.br\/es\/wp-json\/wp\/v2\/pages\/44\/revisions"}],"predecessor-version":[{"id":264,"href":"https:\/\/www.ceresan.net.br\/es\/wp-json\/wp\/v2\/pages\/44\/revisions\/264"}],"up":[{"embeddable":true,"href":"https:\/\/www.ceresan.net.br\/es\/wp-json\/wp\/v2\/pages\/20"}],"wp:attachment":[{"href":"https:\/\/www.ceresan.net.br\/es\/wp-json\/wp\/v2\/media?parent=44"}],"curies":[{"name":"wp","href":"https:\/\/api.w.org\/{rel}","templated":true}]}}