{"id":42,"date":"2016-02-27T12:46:45","date_gmt":"2016-02-27T12:46:45","guid":{"rendered":"http:\/\/www.ceresan.net.br\/?page_id=42"},"modified":"2016-06-01T20:15:25","modified_gmt":"2016-06-01T20:15:25","slug":"eixos-de-trabalho","status":"publish","type":"page","link":"https:\/\/www.ceresan.net.br\/es\/quem-somos\/eixos-de-trabalho\/","title":{"rendered":"Ejes de investigaci\u00f3n"},"content":{"rendered":"<p><\/p>\n<h2>Ejes de investigaci\u00f3n<\/h2>\n<p>1. Sistema de Alimentaci\u00f3n, actores sociales y las pol\u00edticas p\u00fablicas. sistema de alimentaci\u00f3n, la agricultura familiar, las pol\u00edticas y acciones p\u00fablicas, los arreglos institucionales y de gobierno, el desempe\u00f1o de los actores a nivel local, nacional y mundial.<\/p>\n<p>2. Brasil en el contexto internacional. La acci\u00f3n del gobierno y de las organizaciones sociales en Brasil en los espacios de gobierno y en los proyectos de cooperaci\u00f3n internacional relacionados con SSAN\u00a0y DHA.<\/p>\n<p>3. Los intereses p\u00fablicos y privados. las relaciones p\u00fablico-privadas y los conflictos de inter\u00e9s en las estrategias y pol\u00edticas relacionadas con SSAN\u00a0y DHA.<\/p>\n<p>4. La formaci\u00f3n y difusi\u00f3n del conocimiento. Actividades de formaci\u00f3n y difusi\u00f3n de los conocimientos a los gobiernos y organizaciones de la sociedad civil en la promoci\u00f3n Ssan y DHA con la participaci\u00f3n y el control social.<\/p>\n<p>5. Indicadores y seguimiento. Construcci\u00f3n, supervisi\u00f3n y evaluaci\u00f3n de informaci\u00f3n e indicadores de proceso y resultados en los sistemas SSAN\u00a0y DHA.<\/p>","protected":false},"excerpt":{"rendered":"<p>Ejes de investigaci\u00f3n 1. Sistema de Alimentaci\u00f3n, actores sociales y las pol\u00edticas p\u00fablicas. sistema de alimentaci\u00f3n, la agricultura familiar, las pol\u00edticas y acciones p\u00fablicas, los arreglos institucionales y de gobierno, el desempe\u00f1o de los actores a nivel local, nacional y mundial. 2. Brasil en el contexto internacional. La acci\u00f3n del gobierno y de las organizaciones [&hellip;]<\/p>\n","protected":false},"author":1,"featured_media":0,"parent":20,"menu_order":0,"comment_status":"closed","ping_status":"closed","template":"","meta":[],"_links":{"self":[{"href":"https:\/\/www.ceresan.net.br\/es\/wp-json\/wp\/v2\/pages\/42"}],"collection":[{"href":"https:\/\/www.ceresan.net.br\/es\/wp-json\/wp\/v2\/pages"}],"about":[{"href":"https:\/\/www.ceresan.net.br\/es\/wp-json\/wp\/v2\/types\/page"}],"author":[{"embeddable":true,"href":"https:\/\/www.ceresan.net.br\/es\/wp-json\/wp\/v2\/users\/1"}],"replies":[{"embeddable":true,"href":"https:\/\/www.ceresan.net.br\/es\/wp-json\/wp\/v2\/comments?post=42"}],"version-history":[{"count":8,"href":"https:\/\/www.ceresan.net.br\/es\/wp-json\/wp\/v2\/pages\/42\/revisions"}],"predecessor-version":[{"id":259,"href":"https:\/\/www.ceresan.net.br\/es\/wp-json\/wp\/v2\/pages\/42\/revisions\/259"}],"up":[{"embeddable":true,"href":"https:\/\/www.ceresan.net.br\/es\/wp-json\/wp\/v2\/pages\/20"}],"wp:attachment":[{"href":"https:\/\/www.ceresan.net.br\/es\/wp-json\/wp\/v2\/media?parent=42"}],"curies":[{"name":"wp","href":"https:\/\/api.w.org\/{rel}","templated":true}]}}