{"id":40,"date":"2016-02-27T12:46:31","date_gmt":"2016-02-27T12:46:31","guid":{"rendered":"http:\/\/www.ceresan.net.br\/?page_id=40"},"modified":"2016-06-01T19:22:03","modified_gmt":"2016-06-01T19:22:03","slug":"objetivos","status":"publish","type":"page","link":"https:\/\/www.ceresan.net.br\/es\/quem-somos\/objetivos\/","title":{"rendered":"Objetivos"},"content":{"rendered":"<p><\/p>\n<div id=\"gt-langs\"><\/div>\n<div id=\"gt-text-top\">\n<div id=\"gt-src-c\" class=\"g-unit\"><\/div>\n<div id=\"gt-res-c\" class=\"g-unit\">\n<div id=\"gt-res-p\">\n<div id=\"gt-res-data\">\n<div id=\"gt-res-wrap\">\n<div id=\"gt-res-content\" class=\"almost_half_cell\">\n<div dir=\"ltr\"><span id=\"result_box\" class=\"\" lang=\"es\" tabindex=\"-1\"><span class=\"\">Los objetivos del<\/span> centro de referencia son:<br \/>\n<\/span><\/div>\n<div dir=\"ltr\"><\/div>\n<div dir=\"ltr\"><\/div>\n<ul>\n<li dir=\"ltr\"><span id=\"result_box\" class=\"\" lang=\"es\" tabindex=\"-1\"><span class=\"\">Desarrollar<\/span> estudios interdisciplinarios e investigaciones sobre diversas dimensiones de la Soberan\u00eda y Seguridad Alimentaria y Nutrici\u00f3nal y la (SSAN) e los D<span class=\"\">erechos Humanos a la Alimentaci\u00f3n<\/span>;<br \/>\n<\/span><\/li>\n<li dir=\"ltr\"><span id=\"result_box\" class=\"\" lang=\"es\" tabindex=\"-1\">Llevar a cabo actividades de formaci\u00f3n y propagar los conocimientos sobre el tema;<br \/>\n<\/span><\/li>\n<li dir=\"ltr\"><span id=\"result_box\" class=\"\" lang=\"es\" tabindex=\"-1\"><span class=\"\">Proponer<\/span>, <span class=\"\">supervisar y<\/span> evaluar las pol\u00edticas y acciones p\u00fablicas sobre SSAN;<br \/>\n<\/span><\/li>\n<li dir=\"ltr\"><span id=\"result_box\" class=\"\" lang=\"es\" tabindex=\"-1\"><span class=\"\">Promover la interacci\u00f3n<\/span> entre la educaci\u00f3n, la investigaci\u00f3n y la extensi\u00f3n en el campo.<br \/>\n<\/span><\/li>\n<li dir=\"ltr\"><span id=\"result_box\" class=\"\" lang=\"es\" tabindex=\"-1\"><span class=\"\">Proporcionar una mejor<\/span> <span class=\"\">accesibilidad<\/span> a la bibliograf\u00eda especializada a estudiantes e investigadores.<\/span><\/li>\n<\/ul>\n<\/div>\n<\/div>\n<\/div>\n<\/div>\n<\/div>\n<\/div>\n<p><\/p>","protected":false},"excerpt":{"rendered":"<p>Los objetivos del centro de referencia son: Desarrollar estudios interdisciplinarios e investigaciones sobre diversas dimensiones de la Soberan\u00eda y Seguridad Alimentaria y Nutrici\u00f3nal y la (SSAN) e los Derechos Humanos a la Alimentaci\u00f3n; Llevar a cabo actividades de formaci\u00f3n y propagar los conocimientos sobre el tema; Proponer, supervisar y evaluar las pol\u00edticas y acciones p\u00fablicas [&hellip;]<\/p>\n","protected":false},"author":1,"featured_media":0,"parent":20,"menu_order":0,"comment_status":"closed","ping_status":"closed","template":"","meta":[],"_links":{"self":[{"href":"https:\/\/www.ceresan.net.br\/es\/wp-json\/wp\/v2\/pages\/40"}],"collection":[{"href":"https:\/\/www.ceresan.net.br\/es\/wp-json\/wp\/v2\/pages"}],"about":[{"href":"https:\/\/www.ceresan.net.br\/es\/wp-json\/wp\/v2\/types\/page"}],"author":[{"embeddable":true,"href":"https:\/\/www.ceresan.net.br\/es\/wp-json\/wp\/v2\/users\/1"}],"replies":[{"embeddable":true,"href":"https:\/\/www.ceresan.net.br\/es\/wp-json\/wp\/v2\/comments?post=40"}],"version-history":[{"count":11,"href":"https:\/\/www.ceresan.net.br\/es\/wp-json\/wp\/v2\/pages\/40\/revisions"}],"predecessor-version":[{"id":241,"href":"https:\/\/www.ceresan.net.br\/es\/wp-json\/wp\/v2\/pages\/40\/revisions\/241"}],"up":[{"embeddable":true,"href":"https:\/\/www.ceresan.net.br\/es\/wp-json\/wp\/v2\/pages\/20"}],"wp:attachment":[{"href":"https:\/\/www.ceresan.net.br\/es\/wp-json\/wp\/v2\/media?parent=40"}],"curies":[{"name":"wp","href":"https:\/\/api.w.org\/{rel}","templated":true}]}}