{"id":28,"date":"2016-02-23T19:37:16","date_gmt":"2016-02-23T19:37:16","guid":{"rendered":"http:\/\/www.ceresan.net.br\/?page_id=28"},"modified":"2022-08-03T17:14:03","modified_gmt":"2022-08-03T17:14:03","slug":"eventos","status":"publish","type":"page","link":"https:\/\/www.ceresan.net.br\/es\/eventos\/","title":{"rendered":"Eventos"},"content":{"rendered":"<p class=\"qtranxs-available-languages-message qtranxs-available-languages-message-es\">Disculpa, pero esta entrada est\u00e1 disponible s\u00f3lo en <a href=\"https:\/\/www.ceresan.net.br\/pb\/wp-json\/wp\/v2\/pages\/28\" class=\"qtranxs-available-language-link qtranxs-available-language-link-pb\" title=\"Portugu\u00eas do Brasil\">Portugu\u00e9s De Brasil<\/a>.<\/p>","protected":false},"excerpt":{"rendered":"<p>Disculpa, pero esta entrada est\u00e1 disponible s\u00f3lo en Portugu\u00e9s De Brasil.<\/p>\n","protected":false},"author":1,"featured_media":0,"parent":0,"menu_order":0,"comment_status":"closed","ping_status":"closed","template":"","meta":[],"_links":{"self":[{"href":"https:\/\/www.ceresan.net.br\/es\/wp-json\/wp\/v2\/pages\/28"}],"collection":[{"href":"https:\/\/www.ceresan.net.br\/es\/wp-json\/wp\/v2\/pages"}],"about":[{"href":"https:\/\/www.ceresan.net.br\/es\/wp-json\/wp\/v2\/types\/page"}],"author":[{"embeddable":true,"href":"https:\/\/www.ceresan.net.br\/es\/wp-json\/wp\/v2\/users\/1"}],"replies":[{"embeddable":true,"href":"https:\/\/www.ceresan.net.br\/es\/wp-json\/wp\/v2\/comments?post=28"}],"version-history":[{"count":16,"href":"https:\/\/www.ceresan.net.br\/es\/wp-json\/wp\/v2\/pages\/28\/revisions"}],"predecessor-version":[{"id":921,"href":"https:\/\/www.ceresan.net.br\/es\/wp-json\/wp\/v2\/pages\/28\/revisions\/921"}],"wp:attachment":[{"href":"https:\/\/www.ceresan.net.br\/es\/wp-json\/wp\/v2\/media?parent=28"}],"curies":[{"name":"wp","href":"https:\/\/api.w.org\/{rel}","templated":true}]}}