{"id":20,"date":"2016-02-23T19:04:40","date_gmt":"2016-02-23T19:04:40","guid":{"rendered":"http:\/\/www.ceresan.net.br\/?page_id=20"},"modified":"2016-07-06T14:50:11","modified_gmt":"2016-07-06T14:50:11","slug":"quem-somos","status":"publish","type":"page","link":"https:\/\/www.ceresan.net.br\/es\/","title":{"rendered":"Quienes Somos"},"content":{"rendered":"<p><img loading=\"lazy\" class=\"aligncenter\" src=\"http:\/\/www.ceresan.net.br\/wp-content\/uploads\/2016\/02\/logo.png\" alt=\"logo\" width=\"405\" height=\"154\" \/><\/p>\n<p>El Ceresan es un centro de investigaci\u00f3n y formaci\u00f3n que re\u00fane a investigadores y estudiantes de diferentes \u00e1reas del conocimiento y de las instituciones nacionales y extranjeras dedicadas a cuestiones de Soberan\u00eda y Seguridad Alimentaria y Nutricional (SSAN) y el Derecho Humano a una Alimentaci\u00f3n Adecuada y Saludable (DHA ) en Brasil como en el internacional.<\/p>\n<p>Creado en enero de 2003, que tiene oficinas en las Postgrado Ciencias Sociales en Desarrollo, Agricultura y Sociedad, Universidad Federal Rural de R\u00edo de Janeiro (CPDA \/ UFRRJ) y la Escuela de Nutrici\u00f3n de la Universidad Federal Fluminense (UFF) . El Centro est\u00e1 coordinado por el Prof. Renato S. Maluf (UFRRJ) y Luciene Burlandy (UFF).<\/p>\n<p>El Ceresan est\u00e1 afiliado con el Foro Brasile\u00f1o de Soberan\u00eda y Seguridad Alimentaria y Nutricional, ofrece subvenciones para el Consejo Nacional de SAN (CONSEA) y es miembro del CONSEA-Rrio de Janeiro.<\/p>","protected":false},"excerpt":{"rendered":"<p>El Ceresan es un centro de investigaci\u00f3n y formaci\u00f3n que re\u00fane a investigadores y estudiantes de diferentes \u00e1reas del conocimiento y de las instituciones nacionales y extranjeras dedicadas a cuestiones de Soberan\u00eda y Seguridad Alimentaria y Nutricional (SSAN) y el Derecho Humano a una Alimentaci\u00f3n Adecuada y Saludable (DHA ) en Brasil como en el [&hellip;]<\/p>\n","protected":false},"author":1,"featured_media":0,"parent":0,"menu_order":0,"comment_status":"closed","ping_status":"closed","template":"","meta":[],"_links":{"self":[{"href":"https:\/\/www.ceresan.net.br\/es\/wp-json\/wp\/v2\/pages\/20"}],"collection":[{"href":"https:\/\/www.ceresan.net.br\/es\/wp-json\/wp\/v2\/pages"}],"about":[{"href":"https:\/\/www.ceresan.net.br\/es\/wp-json\/wp\/v2\/types\/page"}],"author":[{"embeddable":true,"href":"https:\/\/www.ceresan.net.br\/es\/wp-json\/wp\/v2\/users\/1"}],"replies":[{"embeddable":true,"href":"https:\/\/www.ceresan.net.br\/es\/wp-json\/wp\/v2\/comments?post=20"}],"version-history":[{"count":16,"href":"https:\/\/www.ceresan.net.br\/es\/wp-json\/wp\/v2\/pages\/20\/revisions"}],"predecessor-version":[{"id":363,"href":"https:\/\/www.ceresan.net.br\/es\/wp-json\/wp\/v2\/pages\/20\/revisions\/363"}],"wp:attachment":[{"href":"https:\/\/www.ceresan.net.br\/es\/wp-json\/wp\/v2\/media?parent=20"}],"curies":[{"name":"wp","href":"https:\/\/api.w.org\/{rel}","templated":true}]}}