{"id":185,"date":"2016-05-05T17:15:48","date_gmt":"2016-05-05T17:15:48","guid":{"rendered":"http:\/\/www.ceresan.net.br\/?page_id=185"},"modified":"2016-11-25T13:34:18","modified_gmt":"2016-11-25T13:34:18","slug":"acervo-visual","status":"publish","type":"page","link":"https:\/\/www.ceresan.net.br\/es\/quem-somos\/acervo-visual\/","title":{"rendered":"Acervo Visual"},"content":{"rendered":"<p class=\"qtranxs-available-languages-message qtranxs-available-languages-message-es\">Disculpa, pero esta entrada est\u00e1 disponible s\u00f3lo en <a href=\"https:\/\/www.ceresan.net.br\/pb\/wp-json\/wp\/v2\/pages\/185\" class=\"qtranxs-available-language-link qtranxs-available-language-link-pb\" title=\"Portugu\u00eas do Brasil\">Portugu\u00e9s De Brasil<\/a>.<\/p>","protected":false},"excerpt":{"rendered":"<p>Disculpa, pero esta entrada est\u00e1 disponible s\u00f3lo en Portugu\u00e9s De Brasil.<\/p>\n","protected":false},"author":1,"featured_media":178,"parent":20,"menu_order":0,"comment_status":"closed","ping_status":"closed","template":"page-acervovisual.php","meta":[],"_links":{"self":[{"href":"https:\/\/www.ceresan.net.br\/es\/wp-json\/wp\/v2\/pages\/185"}],"collection":[{"href":"https:\/\/www.ceresan.net.br\/es\/wp-json\/wp\/v2\/pages"}],"about":[{"href":"https:\/\/www.ceresan.net.br\/es\/wp-json\/wp\/v2\/types\/page"}],"author":[{"embeddable":true,"href":"https:\/\/www.ceresan.net.br\/es\/wp-json\/wp\/v2\/users\/1"}],"replies":[{"embeddable":true,"href":"https:\/\/www.ceresan.net.br\/es\/wp-json\/wp\/v2\/comments?post=185"}],"version-history":[{"count":13,"href":"https:\/\/www.ceresan.net.br\/es\/wp-json\/wp\/v2\/pages\/185\/revisions"}],"predecessor-version":[{"id":573,"href":"https:\/\/www.ceresan.net.br\/es\/wp-json\/wp\/v2\/pages\/185\/revisions\/573"}],"up":[{"embeddable":true,"href":"https:\/\/www.ceresan.net.br\/es\/wp-json\/wp\/v2\/pages\/20"}],"wp:featuredmedia":[{"embeddable":true,"href":"https:\/\/www.ceresan.net.br\/es\/wp-json\/wp\/v2\/media\/178"}],"wp:attachment":[{"href":"https:\/\/www.ceresan.net.br\/es\/wp-json\/wp\/v2\/media?parent=185"}],"curies":[{"name":"wp","href":"https:\/\/api.w.org\/{rel}","templated":true}]}}