{"id":117,"date":"2016-04-12T17:51:11","date_gmt":"2016-04-12T17:51:11","guid":{"rendered":"http:\/\/www.ceresan.net.br\/?page_id=117"},"modified":"2016-04-12T17:54:22","modified_gmt":"2016-04-12T17:54:22","slug":"grupo-pro-rede-de-pesquisadores-as-em-seguranca-alimentar-e-nutricional","status":"publish","type":"page","link":"https:\/\/www.ceresan.net.br\/es\/grupo-pro-rede-de-pesquisadores-as-em-seguranca-alimentar-e-nutricional\/","title":{"rendered":"GRUPO PR\u00d3-REDE DE PESQUISADORES (AS) EM SEGURAN\u00c7A ALIMENTAR E NUTRICIONAL"},"content":{"rendered":"<p class=\"qtranxs-available-languages-message qtranxs-available-languages-message-es\">Disculpa, pero esta entrada est\u00e1 disponible s\u00f3lo en <a href=\"https:\/\/www.ceresan.net.br\/pb\/wp-json\/wp\/v2\/pages\/117\" class=\"qtranxs-available-language-link qtranxs-available-language-link-pb\" title=\"Portugu\u00eas do Brasil\">Portugu\u00e9s De Brasil<\/a>.<\/p>","protected":false},"excerpt":{"rendered":"<p>Disculpa, pero esta entrada est\u00e1 disponible s\u00f3lo en Portugu\u00e9s De Brasil.<\/p>\n","protected":false},"author":1,"featured_media":0,"parent":0,"menu_order":0,"comment_status":"closed","ping_status":"closed","template":"","meta":[],"_links":{"self":[{"href":"https:\/\/www.ceresan.net.br\/es\/wp-json\/wp\/v2\/pages\/117"}],"collection":[{"href":"https:\/\/www.ceresan.net.br\/es\/wp-json\/wp\/v2\/pages"}],"about":[{"href":"https:\/\/www.ceresan.net.br\/es\/wp-json\/wp\/v2\/types\/page"}],"author":[{"embeddable":true,"href":"https:\/\/www.ceresan.net.br\/es\/wp-json\/wp\/v2\/users\/1"}],"replies":[{"embeddable":true,"href":"https:\/\/www.ceresan.net.br\/es\/wp-json\/wp\/v2\/comments?post=117"}],"version-history":[{"count":2,"href":"https:\/\/www.ceresan.net.br\/es\/wp-json\/wp\/v2\/pages\/117\/revisions"}],"predecessor-version":[{"id":121,"href":"https:\/\/www.ceresan.net.br\/es\/wp-json\/wp\/v2\/pages\/117\/revisions\/121"}],"wp:attachment":[{"href":"https:\/\/www.ceresan.net.br\/es\/wp-json\/wp\/v2\/media?parent=117"}],"curies":[{"name":"wp","href":"https:\/\/api.w.org\/{rel}","templated":true}]}}